

{"id":43,"date":"2015-11-03T15:47:51","date_gmt":"2015-11-03T14:47:51","guid":{"rendered":"http:\/\/klingenthalerwandersportverein.de\/kw_blog\/?page_id=43"},"modified":"2025-01-28T13:43:53","modified_gmt":"2025-01-28T12:43:53","slug":"anfahrt","status":"publish","type":"page","link":"https:\/\/klingenthalerwandersportverein.de\/kw_blog\/anfahrt\/","title":{"rendered":"Anfahrt"},"content":{"rendered":"[et_pb_section fb_built=&#8220;1&#8243; fullwidth=&#8220;on&#8220; _builder_version=&#8220;3.22&#8243;][et_pb_fullwidth_header title=&#8220;Ihr Weg in den Wanderort Klingenthal &#8211; Start Marktplatz&#8220; subhead=&#8220;Finden Sie hier Ihre Route bzw. Ihre Verbindung nach Klingenthal&#8220; content_max_width=&#8220;none&#8220; admin_label=&#8220;Vollbreite Kopfzeile&#8220; _builder_version=&#8220;4.8.2&#8243; background_color=&#8220;#dbdbdb&#8220; background_layout=&#8220;light&#8220; button_one_letter_spacing_hover=&#8220;0&#8243; button_two_letter_spacing_hover=&#8220;0&#8243; button_one_text_size__hover_enabled=&#8220;off&#8220; button_two_text_size__hover_enabled=&#8220;off&#8220; button_one_text_color__hover_enabled=&#8220;off&#8220; button_two_text_color__hover_enabled=&#8220;off&#8220; button_one_border_width__hover_enabled=&#8220;off&#8220; button_two_border_width__hover_enabled=&#8220;off&#8220; button_one_border_color__hover_enabled=&#8220;off&#8220; button_two_border_color__hover_enabled=&#8220;off&#8220; button_one_border_radius__hover_enabled=&#8220;off&#8220; button_two_border_radius__hover_enabled=&#8220;off&#8220; button_one_letter_spacing__hover_enabled=&#8220;on&#8220; button_one_letter_spacing__hover=&#8220;0&#8243; button_two_letter_spacing__hover_enabled=&#8220;on&#8220; button_two_letter_spacing__hover=&#8220;0&#8243; button_one_bg_color__hover_enabled=&#8220;off&#8220; button_two_bg_color__hover_enabled=&#8220;off&#8220;][\/et_pb_fullwidth_header][\/et_pb_section][et_pb_section fb_built=&#8220;1&#8243; _builder_version=&#8220;3.22&#8243;][et_pb_row column_structure=&#8220;2_3,1_3&#8243; _builder_version=&#8220;3.25&#8243; background_size=&#8220;initial&#8220; background_position=&#8220;top_left&#8220; background_repeat=&#8220;repeat&#8220;][et_pb_column type=&#8220;2_3&#8243; _builder_version=&#8220;3.25&#8243; custom_padding=&#8220;|||&#8220; custom_padding__hover=&#8220;|||&#8220;][et_pb_code _builder_version=&#8220;4.8.2&#8243; _module_preset=&#8220;default&#8220; hover_enabled=&#8220;0&#8243; sticky_enabled=&#8220;0&#8243;]<link rel='stylesheet' id='osm-ol3-css-css' href='https:\/\/klingenthalerwandersportverein.de\/kw_blog\/wp-content\/plugins\/osm\/js\/OL\/10.9.0\/ol.css?ver=6.7.5' type='text\/css' media='all' \/>\n<link rel='stylesheet' id='osm-ol3-ext-css-css' href='https:\/\/klingenthalerwandersportverein.de\/kw_blog\/wp-content\/plugins\/osm\/css\/osm_map_v3.css?ver=6.7.5' type='text\/css' media='all' \/>\n<link rel='stylesheet' id='osm-map-css-css' href='https:\/\/klingenthalerwandersportverein.de\/kw_blog\/wp-content\/plugins\/osm\/css\/osm_map.css?ver=6.7.5' type='text\/css' media='all' \/>\n<script type=\"text\/javascript\" src=\"https:\/\/klingenthalerwandersportverein.de\/kw_blog\/wp-includes\/js\/dist\/vendor\/wp-polyfill.min.js?ver=3.15.0\" id=\"wp-polyfill-js\"><\/script>\n<script type=\"text\/javascript\" src=\"https:\/\/klingenthalerwandersportverein.de\/kw_blog\/wp-content\/plugins\/osm\/js\/OL\/10.9.0\/ol.js?ver=10.9.0\" id=\"osm-ol3-library-js\"><\/script>\n<script type=\"text\/javascript\" src=\"https:\/\/klingenthalerwandersportverein.de\/kw_blog\/wp-content\/plugins\/osm\/js\/osm-v3-plugin-lib.js?ver=1.0.0\" id=\"osm-ol3-ext-library-js\"><\/script>\n<script type=\"text\/javascript\" src=\"https:\/\/klingenthalerwandersportverein.de\/kw_blog\/wp-content\/plugins\/osm\/js\/osm-metabox-events.js?ver=1.0.0\" id=\"osm-ol3-metabox-events-js\"><\/script>\n<script type=\"text\/javascript\" src=\"https:\/\/klingenthalerwandersportverein.de\/kw_blog\/wp-includes\/js\/jquery\/jquery.min.js?ver=3.7.1\" id=\"jquery-core-js\"><\/script>\n<script type=\"text\/javascript\" src=\"https:\/\/klingenthalerwandersportverein.de\/kw_blog\/wp-includes\/js\/jquery\/jquery-migrate.min.js?ver=3.4.1\" id=\"jquery-migrate-js\"><\/script>\n<script type=\"text\/javascript\" id=\"osm-map-startup-js-extra\">\n\/* <![CDATA[ *\/\nvar translations = {\"openlayer\":\"open layer\",\"openlayerAtStartup\":\"open layer at startup\",\"generateLink\":\"link to this map with opened layers\",\"shortDescription\":\"short description\",\"generatedShortCode\":\"to get a text control link paste this code in your wordpress editor\",\"closeLayer\":\"close layer\",\"cantGenerateLink\":\"put this string in the existing map short code to control this map\"};\n\/* ]]> *\/\n<\/script>\n<script type=\"text\/javascript\" src=\"https:\/\/klingenthalerwandersportverein.de\/kw_blog\/wp-content\/plugins\/osm\/js\/osm-startup-lib.js?ver=V6.2.5\" id=\"osm-map-startup-js\"><\/script>\n\n        <div id=\"map_ol3js_1\"\n       class=\"osm-map-container undefined\"\n             data-map_name=\"undefined\"\n             data-map=\"map_ol3js_1\"\n             data-autoshow=\"no\"\n             style=\"width:95%;\n                    max-width:100%;\n                    height:450px;\n                    display:block;\n                    overflow:hidden;\n                    border:2px solid grey;\n                    position: relative;\">\n          <div id=\"map_ol3js_1_popup\" class=\"ol-popup\">\n            <a href=\"#\" id=\"map_ol3js_1_popup-closer\" class=\"ol-popup-closer\"><\/a>\n            <div id=\"map_ol3js_1_popup-content\"><\/div>\n          <\/div>\n        <\/div>\n    <script type=\"text\/javascript\">\n\t\t\t  vectorM['map_ol3js_1'] = [];\n\t        \n        var raster = getTileLayer(\"osm\",\"NoKey\");\t\t\t\n\n\t\t\t  var map_ol3js_1 = new ol.Map({\n\t\t\t\tinteractions: ol.interaction.defaults.defaults({mouseWheelZoom:false}),\n\t\t\t\tlayers: [raster],\n\t\t\t\ttarget: \"map_ol3js_1\",\n\t\t\t\tview: new ol.View({\n\t\t\t\t  center: ol.proj.transform([12.4685,50.3579], \"EPSG:4326\", \"EPSG:3857\"),\n\t\t\t\t  zoom: 19.0\n\t\t\t\t})\n\t\t\t  });\n\t\t\t  osm_addMarkerLayer(map_ol3js_1,12.4685,50.358,\"https:\/\/klingenthalerwandersportverein.de\/kw_blog\/wp-content\/plugins\/osm\/icons\/mic_orange_hiking_01.png\",-16,-41,\"<p>Start \/ Ziel<\/p>\") ; \naddControls2Map(map_ol3js_1,0,0,3,0,5,6,7,0,1);\nosm_addPopupClickhandler(map_ol3js_1,  \"map_ol3js_1\"); \nosm_addMouseHover(map_ol3js_1); <\/script>[\/et_pb_code][\/et_pb_column][et_pb_column type=&#8220;1_3&#8243; _builder_version=&#8220;3.25&#8243; custom_padding=&#8220;|||&#8220; custom_padding__hover=&#8220;|||&#8220;][et_pb_blurb title=&#8220;Anreise mit \u00f6ffentlichen Verkehrsmitteln&#8220; image_max_width=&#8220;none&#8220; admin_label=&#8220;Informationstext&#8220; _builder_version=&#8220;4.8.2&#8243; background_size=&#8220;initial&#8220; background_position=&#8220;top_left&#8220; background_repeat=&#8220;repeat&#8220; use_border_color=&#8220;off&#8220; border_color=&#8220;#ffffff&#8220; border_style=&#8220;solid&#8220;]\n<p>Sie k\u00f6nnen den Ort Klingenthal au\u00dfer mit dem PKW auch mit \u00f6ffentlichen Nahverkehrsmitteln erreichen.<\/p>\n<p>VOGTLANDBAHN aus Richtung Falkenstein (Zwickau\/Plauen) bzw. aus Richtung Sokolov<br \/> N\u00e4heres unter <a href=\"http:\/\/www.vogtlandbahn.de\" target=\"_blank\" rel=\"noopener\">http:\/\/www.vogtlandbahn.de<br \/> <\/a>BUS Linie 20 von Rodewisch bzw. Klingenthal<br \/> Bahnhof<br \/> Ausk\u00fcnfte auch unter <a href=\"http:\/\/www.vogtlandauskunft.de\" target=\"_blank\" rel=\"noopener\">http:\/\/www.vogtlandauskunft.de<\/a><br \/> bzw.\u00a0<a href=\"http:\/\/www.bahn.de\" target=\"_blank\" rel=\"noopener\">http:\/\/www.bahn.de<\/a> oder <a href=\"http:\/\/www.idos.cz\" target=\"_blank\" rel=\"noopener\">http:\/\/www.idos.cz<\/a><\/p>\n<p>&nbsp;<\/p>\n<h3>Wo parken zur Wanderung?<\/h3>\n<p>Parkpl\u00e4tze im Stadtzentrum von Klingenthal<\/p>\n[\/et_pb_blurb][\/et_pb_column][\/et_pb_row][\/et_pb_section]\n","protected":false},"excerpt":{"rendered":"<p>[et_pb_section fb_built=&#8220;1&#8243; fullwidth=&#8220;on&#8220; _builder_version=&#8220;3.22&#8243;][et_pb_fullwidth_header title=&#8220;Ihr Weg in den Wanderort Klingenthal &#8211; Start Marktplatz&#8220; subhead=&#8220;Finden Sie hier Ihre Route bzw. Ihre Verbindung nach Klingenthal&#8220; content_max_width=&#8220;none&#8220; admin_label=&#8220;Vollbreite Kopfzeile&#8220; _builder_version=&#8220;4.8.2&#8243; background_color=&#8220;#dbdbdb&#8220; background_layout=&#8220;light&#8220; button_one_letter_spacing_hover=&#8220;0&#8243; button_two_letter_spacing_hover=&#8220;0&#8243; button_one_text_size__hover_enabled=&#8220;off&#8220; button_two_text_size__hover_enabled=&#8220;off&#8220; button_one_text_color__hover_enabled=&#8220;off&#8220; button_two_text_color__hover_enabled=&#8220;off&#8220; button_one_border_width__hover_enabled=&#8220;off&#8220; button_two_border_width__hover_enabled=&#8220;off&#8220; button_one_border_color__hover_enabled=&#8220;off&#8220; button_two_border_color__hover_enabled=&#8220;off&#8220; button_one_border_radius__hover_enabled=&#8220;off&#8220; button_two_border_radius__hover_enabled=&#8220;off&#8220; button_one_letter_spacing__hover_enabled=&#8220;on&#8220; button_one_letter_spacing__hover=&#8220;0&#8243; button_two_letter_spacing__hover_enabled=&#8220;on&#8220; button_two_letter_spacing__hover=&#8220;0&#8243; button_one_bg_color__hover_enabled=&#8220;off&#8220; button_two_bg_color__hover_enabled=&#8220;off&#8220;][\/et_pb_fullwidth_header][\/et_pb_section][et_pb_section fb_built=&#8220;1&#8243; _builder_version=&#8220;3.22&#8243;][et_pb_row column_structure=&#8220;2_3,1_3&#8243; _builder_version=&#8220;3.25&#8243; background_size=&#8220;initial&#8220; background_position=&#8220;top_left&#8220; background_repeat=&#8220;repeat&#8220;][et_pb_column type=&#8220;2_3&#8243; [&hellip;]<\/p>\n","protected":false},"author":1,"featured_media":0,"parent":0,"menu_order":0,"comment_status":"closed","ping_status":"closed","template":"","meta":{"_et_pb_use_builder":"on","_et_pb_old_content":"","_et_gb_content_width":"","jetpack_post_was_ever_published":false,"footnotes":""},"class_list":["post-43","page","type-page","status-publish","hentry"],"yoast_head":"<!-- This site is optimized with the Yoast SEO plugin v26.8 - https:\/\/yoast.com\/product\/yoast-seo-wordpress\/ -->\n<title>Anfahrt - Alles zur Klingenthaler Wanderung<\/title>\n<meta name=\"robots\" content=\"index, follow, max-snippet:-1, max-image-preview:large, max-video-preview:-1\" \/>\n<link rel=\"canonical\" href=\"https:\/\/klingenthalerwandersportverein.de\/kw_blog\/anfahrt\/\" \/>\n<meta property=\"og:locale\" content=\"de_DE\" \/>\n<meta property=\"og:type\" content=\"article\" \/>\n<meta property=\"og:title\" content=\"Anfahrt - Alles zur Klingenthaler Wanderung\" \/>\n<meta property=\"og:description\" content=\"[et_pb_section fb_built=&#8220;1&#8243; fullwidth=&#8220;on&#8220; _builder_version=&#8220;3.22&#8243;][et_pb_fullwidth_header title=&#8220;Ihr Weg in den Wanderort Klingenthal &#8211; Start Marktplatz&#8220; subhead=&#8220;Finden Sie hier Ihre Route bzw. Ihre Verbindung nach Klingenthal&#8220; content_max_width=&#8220;none&#8220; admin_label=&#8220;Vollbreite Kopfzeile&#8220; _builder_version=&#8220;4.8.2&#8243; background_color=&#8220;#dbdbdb&#8220; background_layout=&#8220;light&#8220; button_one_letter_spacing_hover=&#8220;0&#8243; button_two_letter_spacing_hover=&#8220;0&#8243; button_one_text_size__hover_enabled=&#8220;off&#8220; button_two_text_size__hover_enabled=&#8220;off&#8220; button_one_text_color__hover_enabled=&#8220;off&#8220; button_two_text_color__hover_enabled=&#8220;off&#8220; button_one_border_width__hover_enabled=&#8220;off&#8220; button_two_border_width__hover_enabled=&#8220;off&#8220; button_one_border_color__hover_enabled=&#8220;off&#8220; button_two_border_color__hover_enabled=&#8220;off&#8220; button_one_border_radius__hover_enabled=&#8220;off&#8220; button_two_border_radius__hover_enabled=&#8220;off&#8220; button_one_letter_spacing__hover_enabled=&#8220;on&#8220; button_one_letter_spacing__hover=&#8220;0&#8243; button_two_letter_spacing__hover_enabled=&#8220;on&#8220; button_two_letter_spacing__hover=&#8220;0&#8243; button_one_bg_color__hover_enabled=&#8220;off&#8220; button_two_bg_color__hover_enabled=&#8220;off&#8220;][\/et_pb_fullwidth_header][\/et_pb_section][et_pb_section fb_built=&#8220;1&#8243; _builder_version=&#8220;3.22&#8243;][et_pb_row column_structure=&#8220;2_3,1_3&#8243; _builder_version=&#8220;3.25&#8243; background_size=&#8220;initial&#8220; background_position=&#8220;top_left&#8220; background_repeat=&#8220;repeat&#8220;][et_pb_column type=&#8220;2_3&#8243; [&hellip;]\" \/>\n<meta property=\"og:url\" content=\"https:\/\/klingenthalerwandersportverein.de\/kw_blog\/anfahrt\/\" \/>\n<meta property=\"og:site_name\" content=\"Alles zur Klingenthaler Wanderung\" \/>\n<meta property=\"article:modified_time\" content=\"2025-01-28T12:43:53+00:00\" \/>\n<meta name=\"twitter:card\" content=\"summary_large_image\" \/>\n<meta name=\"twitter:label1\" content=\"Gesch\u00e4tzte Lesezeit\" \/>\n\t<meta name=\"twitter:data1\" content=\"1\u00a0Minute\" \/>\n<script type=\"application\/ld+json\" class=\"yoast-schema-graph\">{\"@context\":\"https:\/\/schema.org\",\"@graph\":[{\"@type\":\"WebPage\",\"@id\":\"https:\/\/klingenthalerwandersportverein.de\/kw_blog\/anfahrt\/\",\"url\":\"https:\/\/klingenthalerwandersportverein.de\/kw_blog\/anfahrt\/\",\"name\":\"Anfahrt - Alles zur Klingenthaler Wanderung\",\"isPartOf\":{\"@id\":\"https:\/\/klingenthalerwandersportverein.de\/kw_blog\/#website\"},\"datePublished\":\"2015-11-03T14:47:51+00:00\",\"dateModified\":\"2025-01-28T12:43:53+00:00\",\"breadcrumb\":{\"@id\":\"https:\/\/klingenthalerwandersportverein.de\/kw_blog\/anfahrt\/#breadcrumb\"},\"inLanguage\":\"de\",\"potentialAction\":[{\"@type\":\"ReadAction\",\"target\":[\"https:\/\/klingenthalerwandersportverein.de\/kw_blog\/anfahrt\/\"]}]},{\"@type\":\"BreadcrumbList\",\"@id\":\"https:\/\/klingenthalerwandersportverein.de\/kw_blog\/anfahrt\/#breadcrumb\",\"itemListElement\":[{\"@type\":\"ListItem\",\"position\":1,\"name\":\"Home\",\"item\":\"https:\/\/klingenthalerwandersportverein.de\/kw_blog\/\"},{\"@type\":\"ListItem\",\"position\":2,\"name\":\"Anfahrt\"}]},{\"@type\":\"WebSite\",\"@id\":\"https:\/\/klingenthalerwandersportverein.de\/kw_blog\/#website\",\"url\":\"https:\/\/klingenthalerwandersportverein.de\/kw_blog\/\",\"name\":\"Alles zur Klingenthaler Wanderung\",\"description\":\"Das j\u00e4hrlich stattfindende Wanderevent \u2013 organisiert und durchgef\u00fchrt vom Klingenthaler Wandersportverein e.V.\",\"potentialAction\":[{\"@type\":\"SearchAction\",\"target\":{\"@type\":\"EntryPoint\",\"urlTemplate\":\"https:\/\/klingenthalerwandersportverein.de\/kw_blog\/?s={search_term_string}\"},\"query-input\":{\"@type\":\"PropertyValueSpecification\",\"valueRequired\":true,\"valueName\":\"search_term_string\"}}],\"inLanguage\":\"de\"}]}<\/script>\n<!-- \/ Yoast SEO plugin. -->","yoast_head_json":{"title":"Anfahrt - Alles zur Klingenthaler Wanderung","robots":{"index":"index","follow":"follow","max-snippet":"max-snippet:-1","max-image-preview":"max-image-preview:large","max-video-preview":"max-video-preview:-1"},"canonical":"https:\/\/klingenthalerwandersportverein.de\/kw_blog\/anfahrt\/","og_locale":"de_DE","og_type":"article","og_title":"Anfahrt - Alles zur Klingenthaler Wanderung","og_description":"[et_pb_section fb_built=&#8220;1&#8243; fullwidth=&#8220;on&#8220; _builder_version=&#8220;3.22&#8243;][et_pb_fullwidth_header title=&#8220;Ihr Weg in den Wanderort Klingenthal &#8211; Start Marktplatz&#8220; subhead=&#8220;Finden Sie hier Ihre Route bzw. Ihre Verbindung nach Klingenthal&#8220; content_max_width=&#8220;none&#8220; admin_label=&#8220;Vollbreite Kopfzeile&#8220; _builder_version=&#8220;4.8.2&#8243; background_color=&#8220;#dbdbdb&#8220; background_layout=&#8220;light&#8220; button_one_letter_spacing_hover=&#8220;0&#8243; button_two_letter_spacing_hover=&#8220;0&#8243; button_one_text_size__hover_enabled=&#8220;off&#8220; button_two_text_size__hover_enabled=&#8220;off&#8220; button_one_text_color__hover_enabled=&#8220;off&#8220; button_two_text_color__hover_enabled=&#8220;off&#8220; button_one_border_width__hover_enabled=&#8220;off&#8220; button_two_border_width__hover_enabled=&#8220;off&#8220; button_one_border_color__hover_enabled=&#8220;off&#8220; button_two_border_color__hover_enabled=&#8220;off&#8220; button_one_border_radius__hover_enabled=&#8220;off&#8220; button_two_border_radius__hover_enabled=&#8220;off&#8220; button_one_letter_spacing__hover_enabled=&#8220;on&#8220; button_one_letter_spacing__hover=&#8220;0&#8243; button_two_letter_spacing__hover_enabled=&#8220;on&#8220; button_two_letter_spacing__hover=&#8220;0&#8243; button_one_bg_color__hover_enabled=&#8220;off&#8220; button_two_bg_color__hover_enabled=&#8220;off&#8220;][\/et_pb_fullwidth_header][\/et_pb_section][et_pb_section fb_built=&#8220;1&#8243; _builder_version=&#8220;3.22&#8243;][et_pb_row column_structure=&#8220;2_3,1_3&#8243; _builder_version=&#8220;3.25&#8243; background_size=&#8220;initial&#8220; background_position=&#8220;top_left&#8220; background_repeat=&#8220;repeat&#8220;][et_pb_column type=&#8220;2_3&#8243; [&hellip;]","og_url":"https:\/\/klingenthalerwandersportverein.de\/kw_blog\/anfahrt\/","og_site_name":"Alles zur Klingenthaler Wanderung","article_modified_time":"2025-01-28T12:43:53+00:00","twitter_card":"summary_large_image","twitter_misc":{"Gesch\u00e4tzte Lesezeit":"1\u00a0Minute"},"schema":{"@context":"https:\/\/schema.org","@graph":[{"@type":"WebPage","@id":"https:\/\/klingenthalerwandersportverein.de\/kw_blog\/anfahrt\/","url":"https:\/\/klingenthalerwandersportverein.de\/kw_blog\/anfahrt\/","name":"Anfahrt - Alles zur Klingenthaler Wanderung","isPartOf":{"@id":"https:\/\/klingenthalerwandersportverein.de\/kw_blog\/#website"},"datePublished":"2015-11-03T14:47:51+00:00","dateModified":"2025-01-28T12:43:53+00:00","breadcrumb":{"@id":"https:\/\/klingenthalerwandersportverein.de\/kw_blog\/anfahrt\/#breadcrumb"},"inLanguage":"de","potentialAction":[{"@type":"ReadAction","target":["https:\/\/klingenthalerwandersportverein.de\/kw_blog\/anfahrt\/"]}]},{"@type":"BreadcrumbList","@id":"https:\/\/klingenthalerwandersportverein.de\/kw_blog\/anfahrt\/#breadcrumb","itemListElement":[{"@type":"ListItem","position":1,"name":"Home","item":"https:\/\/klingenthalerwandersportverein.de\/kw_blog\/"},{"@type":"ListItem","position":2,"name":"Anfahrt"}]},{"@type":"WebSite","@id":"https:\/\/klingenthalerwandersportverein.de\/kw_blog\/#website","url":"https:\/\/klingenthalerwandersportverein.de\/kw_blog\/","name":"Alles zur Klingenthaler Wanderung","description":"Das j\u00e4hrlich stattfindende Wanderevent \u2013 organisiert und durchgef\u00fchrt vom Klingenthaler Wandersportverein e.V.","potentialAction":[{"@type":"SearchAction","target":{"@type":"EntryPoint","urlTemplate":"https:\/\/klingenthalerwandersportverein.de\/kw_blog\/?s={search_term_string}"},"query-input":{"@type":"PropertyValueSpecification","valueRequired":true,"valueName":"search_term_string"}}],"inLanguage":"de"}]}},"jetpack_sharing_enabled":true,"jetpack_shortlink":"https:\/\/wp.me\/P6YRDr-H","jetpack-related-posts":[],"_links":{"self":[{"href":"https:\/\/klingenthalerwandersportverein.de\/kw_blog\/wp-json\/wp\/v2\/pages\/43","targetHints":{"allow":["GET"]}}],"collection":[{"href":"https:\/\/klingenthalerwandersportverein.de\/kw_blog\/wp-json\/wp\/v2\/pages"}],"about":[{"href":"https:\/\/klingenthalerwandersportverein.de\/kw_blog\/wp-json\/wp\/v2\/types\/page"}],"author":[{"embeddable":true,"href":"https:\/\/klingenthalerwandersportverein.de\/kw_blog\/wp-json\/wp\/v2\/users\/1"}],"replies":[{"embeddable":true,"href":"https:\/\/klingenthalerwandersportverein.de\/kw_blog\/wp-json\/wp\/v2\/comments?post=43"}],"version-history":[{"count":10,"href":"https:\/\/klingenthalerwandersportverein.de\/kw_blog\/wp-json\/wp\/v2\/pages\/43\/revisions"}],"predecessor-version":[{"id":2571,"href":"https:\/\/klingenthalerwandersportverein.de\/kw_blog\/wp-json\/wp\/v2\/pages\/43\/revisions\/2571"}],"wp:attachment":[{"href":"https:\/\/klingenthalerwandersportverein.de\/kw_blog\/wp-json\/wp\/v2\/media?parent=43"}],"curies":[{"name":"wp","href":"https:\/\/api.w.org\/{rel}","templated":true}]}}