{"id":45,"date":"2015-11-03T15:48:08","date_gmt":"2015-11-03T14:48:08","guid":{"rendered":"http:\/\/klingenthalerwandersportverein.de\/kw_blog\/?page_id=45"},"modified":"2026-02-05T12:02:46","modified_gmt":"2026-02-05T11:02:46","slug":"anmeldung","status":"publish","type":"page","link":"https:\/\/klingenthalerwandersportverein.de\/kw_blog\/anmeldung\/","title":{"rendered":"Anmeldung zum 6. Grenzlandhunderter 2026"},"content":{"rendered":"\n<div class=\"wpcf7 no-js\" id=\"wpcf7-f1307-o1\" lang=\"de-DE\" dir=\"ltr\" data-wpcf7-id=\"1307\">\n<div class=\"screen-reader-response\"><p role=\"status\" aria-live=\"polite\" aria-atomic=\"true\"><\/p> <ul><\/ul><\/div>\n<form action=\"\/kw_blog\/wp-json\/wp\/v2\/pages\/45#wpcf7-f1307-o1\" method=\"post\" class=\"wpcf7-form init\" aria-label=\"Kontaktformular\" novalidate=\"novalidate\" data-status=\"init\">\n<fieldset class=\"hidden-fields-container\"><input type=\"hidden\" name=\"_wpcf7\" value=\"1307\" \/><input type=\"hidden\" name=\"_wpcf7_version\" value=\"6.1.5\" \/><input type=\"hidden\" name=\"_wpcf7_locale\" value=\"de_DE\" \/><input type=\"hidden\" name=\"_wpcf7_unit_tag\" value=\"wpcf7-f1307-o1\" \/><input type=\"hidden\" name=\"_wpcf7_container_post\" value=\"0\" \/><input type=\"hidden\" name=\"_wpcf7_posted_data_hash\" value=\"\" \/><input type=\"hidden\" name=\"_wpcf7_recaptcha_response\" value=\"\" \/>\n<\/fieldset>\n<p>Ihr Name (Pflichtfeld)\n\t<font color=\"#663300\">Va\u0161e p\u0159\u00edjmen\u00ed (povinn\u00fd \u00fadaj)\n\t<\/font>\n<\/p>\n<p><span class=\"wpcf7-form-control-wrap\" data-name=\"your-name\"><input size=\"40\" maxlength=\"400\" class=\"wpcf7-form-control wpcf7-text wpcf7-validates-as-required\" aria-required=\"true\" aria-invalid=\"false\" value=\"\" type=\"text\" name=\"your-name\" \/><\/span>\n<\/p>\n<p>Ihr Vorname (Pflichtfeld)\n\t<font color=\"#663300\">Va\u0161e jm\u00e9no (povinn\u00fd \u00fadaj)\n\t<\/font>\n<\/p>\n<p><span class=\"wpcf7-form-control-wrap\" data-name=\"your-name2\"><input size=\"40\" maxlength=\"400\" class=\"wpcf7-form-control wpcf7-text wpcf7-validates-as-required\" aria-required=\"true\" aria-invalid=\"false\" value=\"\" type=\"text\" name=\"your-name2\" \/><\/span>\n<\/p>\n<p>Ihr Alter\n\t<font color=\"#663300\">V\u00e1\u0161 v\u011bk\n\t<\/font>\n<\/p>\n<p><span class=\"wpcf7-form-control-wrap\" data-name=\"your-age\"><input size=\"40\" maxlength=\"400\" class=\"wpcf7-form-control wpcf7-text wpcf7-validates-as-required\" aria-required=\"true\" aria-invalid=\"false\" value=\"\" type=\"text\" name=\"your-age\" \/><\/span>\n<\/p>\n<p>Ihre Anschrift (Stra\u00dfe und Hausnummer)\n\t<font color=\"#663300\">Va\u0161e adresa (ulice a \u010d\u00edslo orienta\u010dn\u00ed)\n\t<\/font>\n<\/p>\n<p><span class=\"wpcf7-form-control-wrap\" data-name=\"your-street\"><input size=\"40\" maxlength=\"400\" class=\"wpcf7-form-control wpcf7-text wpcf7-validates-as-required\" aria-required=\"true\" aria-invalid=\"false\" value=\"\" type=\"text\" name=\"your-street\" \/><\/span>\n<\/p>\n<p>Ihr Ort (PLZ und Ort) (Pflichtfeld)\n\t<font color=\"#663300\">Obec (PS\u010c a obec) (povinn\u00fd \u00fadaj)\n\t<\/font>\n<\/p>\n<p><span class=\"wpcf7-form-control-wrap\" data-name=\"your-town\"><input size=\"40\" maxlength=\"400\" class=\"wpcf7-form-control wpcf7-text wpcf7-validates-as-required\" aria-required=\"true\" aria-invalid=\"false\" value=\"\" type=\"text\" name=\"your-town\" \/><\/span>\n<\/p>\n<p>Ihre E-Mail-Adresse (Pflichtfeld)\n\t<font color=\"#663300\">V\u00e1\u0161 e-mail (povinn\u00fd \u00fadaj)\n\t<\/font>\n<\/p>\n<p><span class=\"wpcf7-form-control-wrap\" data-name=\"your-email\"><input size=\"40\" maxlength=\"400\" class=\"wpcf7-form-control wpcf7-email wpcf7-validates-as-required wpcf7-text wpcf7-validates-as-email\" aria-required=\"true\" aria-invalid=\"false\" value=\"\" type=\"email\" name=\"your-email\" \/><\/span>\n<\/p>\n<p>Ihr Verein\n\t<font color=\"#663300\">V\u00e1\u0161 klub\n\t<\/font>\n<\/p>\n<p><span class=\"wpcf7-form-control-wrap\" data-name=\"your-club\"><input size=\"40\" maxlength=\"400\" class=\"wpcf7-form-control wpcf7-text wpcf7-validates-as-required\" aria-required=\"true\" aria-invalid=\"false\" value=\"\" type=\"text\" name=\"your-club\" \/><\/span>\n<\/p>\n<p>Betreff:\n\t<font color=\"#663300\">P\u0159edm\u011bt\n\t<\/font>\n<\/p>\n<p><span class=\"wpcf7-form-control-wrap\" data-name=\"your-subject\"><input size=\"40\" maxlength=\"400\" class=\"wpcf7-form-control wpcf7-text wpcf7-validates-as-required\" aria-required=\"true\" aria-invalid=\"false\" placeholder=\"z.B. Anmeldung\" value=\"\" type=\"text\" name=\"your-subject\" \/><\/span>\n<\/p>\n<p>Auswahl der Tour\n\t<font color=\"#663300\">Mnou vybran\u00e1 trasa\n\t<\/font>\n<\/p>\n<p><span class=\"wpcf7-form-control-wrap\" data-name=\"Auswahl\"><select class=\"wpcf7-form-control wpcf7-select wpcf7-validates-as-required\" aria-required=\"true\" aria-invalid=\"false\" name=\"Auswahl\"><option value=\"\">Bitte die Tour auswaehlen<\/option><option value=\"Tour 1 Grenzlandhunderter T2 +T3 - 100km - 40\u20ac\">Tour 1 Grenzlandhunderter T2 +T3 - 100km - 40\u20ac<\/option><option value=\"Tour 2 Nachtf\u00fcnfziger - 50km gef\u00fchrt - 20\u20ac\">Tour 2 Nachtf\u00fcnfziger - 50km gef\u00fchrt - 20\u20ac<\/option><option value=\"Tour 3 H\u00f6hensteigf\u00fcnfziger - 50km markiert - 20\u20ac\">Tour 3 H\u00f6hensteigf\u00fcnfziger - 50km markiert - 20\u20ac<\/option><\/select><\/span>\n<\/p>\n<p>Ich melde mich verbindlich an und werde den Unkostenbeitrag entsprechend der gew\u00e4hlten Tour vorab \u00fcberweisen \/\n\t<font color=\"#663300\">Pod\u00e1v\u00e1m z\u00e1vaznou p\u0159ihl\u00e1\u0161ku a uhrad\u00edm p\u0159edem startovn\u00e9 ve v\u00fd\u0161i. \u010ce\u0161t\u00ed \u00fa\u010dastn\u00edci, kte\u0159\u00ed podaj\u00ed p\u0159ihl\u00e1\u0161ku on-line do 31.05.2026, mohou zaplatit startovn\u00e9 v hotovosti p\u0159\u00edmo na startu, ani\u017e by museli nav\u00edc uhradit poplatek za pozdn\u00ed p\u0159ihl\u00e1\u0161en\u00ed.\n\t<\/font><span class=\"wpcf7-form-control-wrap\" data-name=\"Bestaetigung\"><span class=\"wpcf7-form-control wpcf7-acceptance\"><span class=\"wpcf7-list-item\"><input type=\"checkbox\" name=\"Bestaetigung\" value=\"1\" aria-invalid=\"false\" \/><\/span><\/span><\/span>\n<\/p>\n<p>Ich habe die Teilnahmebedingungen der Wanderung gelesen und erkenne Sie mit meiner Unterschrift an, ausdr\u00fccklich bin ich einverstanden, dass die in der Anmeldung genannten personenbezogenen Daten nach Pkt. 8 maschinell gespeichert, verarbeitet und genutzt werden\n\t<font color=\"#663300\">P\u0159e\u010detl jsem si podm\u00ednky \u00fa\u010dasti na Klingenthalsk\u00e9m putov\u00e1n\u00ed a tyto beru na v\u011bdom\u00ed\n\t<\/font><span class=\"wpcf7-form-control-wrap\" data-name=\"Bestaetigung\"><span class=\"wpcf7-form-control wpcf7-acceptance\"><span class=\"wpcf7-list-item\"><input type=\"checkbox\" name=\"Bestaetigung\" value=\"1\" aria-invalid=\"false\" \/><\/span><\/span><\/span>\n<\/p>\n<p>Ihre Nachricht an uns:\n\t<font color=\"#663300\">Va\u0161e sd\u011blen\u00ed pro n\u00e1s:\n\t<\/font>\n<\/p>\n<p><span class=\"wpcf7-form-control-wrap\" data-name=\"your-message\"><textarea cols=\"40\" rows=\"10\" maxlength=\"2000\" class=\"wpcf7-form-control wpcf7-textarea\" aria-invalid=\"false\" name=\"your-message\"><\/textarea><\/span>\n<\/p>\n<p><input class=\"wpcf7-form-control wpcf7-submit has-spinner\" type=\"submit\" value=\"Anmeldung absenden\" \/>\n<\/p><div class=\"wpcf7-response-output\" aria-hidden=\"true\"><\/div>\n<\/form>\n<\/div>\n\n","protected":false},"excerpt":{"rendered":"","protected":false},"author":1,"featured_media":0,"parent":0,"menu_order":0,"comment_status":"closed","ping_status":"closed","template":"","meta":{"_et_pb_use_builder":"off","_et_pb_old_content":"<p>[contact-form-7 id=\"109\" title=\"Anmeldeformular Klingenthaler Wanderung 2016\"]<\/p>","_et_gb_content_width":"","jetpack_post_was_ever_published":false,"footnotes":""},"class_list":["post-45","page","type-page","status-publish","hentry"],"yoast_head":"<!-- This site is optimized with the Yoast SEO plugin v26.8 - https:\/\/yoast.com\/product\/yoast-seo-wordpress\/ -->\n<title>Anmeldung zum 6. Grenzlandhunderter 2026 - Alles zur Klingenthaler Wanderung<\/title>\n<meta name=\"robots\" content=\"index, follow, max-snippet:-1, max-image-preview:large, max-video-preview:-1\" \/>\n<link rel=\"canonical\" href=\"https:\/\/klingenthalerwandersportverein.de\/kw_blog\/anmeldung\/\" \/>\n<meta property=\"og:locale\" content=\"de_DE\" \/>\n<meta property=\"og:type\" content=\"article\" \/>\n<meta property=\"og:title\" content=\"Anmeldung zum 6. Grenzlandhunderter 2026 - Alles zur Klingenthaler Wanderung\" \/>\n<meta property=\"og:url\" content=\"https:\/\/klingenthalerwandersportverein.de\/kw_blog\/anmeldung\/\" \/>\n<meta property=\"og:site_name\" content=\"Alles zur Klingenthaler Wanderung\" \/>\n<meta property=\"article:modified_time\" content=\"2026-02-05T11:02:46+00:00\" \/>\n<meta name=\"twitter:card\" content=\"summary_large_image\" \/>\n<meta name=\"twitter:label1\" content=\"Gesch\u00e4tzte Lesezeit\" \/>\n\t<meta name=\"twitter:data1\" content=\"1\u00a0Minute\" \/>\n<script type=\"application\/ld+json\" class=\"yoast-schema-graph\">{\"@context\":\"https:\/\/schema.org\",\"@graph\":[{\"@type\":\"WebPage\",\"@id\":\"https:\/\/klingenthalerwandersportverein.de\/kw_blog\/anmeldung\/\",\"url\":\"https:\/\/klingenthalerwandersportverein.de\/kw_blog\/anmeldung\/\",\"name\":\"Anmeldung zum 6. Grenzlandhunderter 2026 - Alles zur Klingenthaler Wanderung\",\"isPartOf\":{\"@id\":\"https:\/\/klingenthalerwandersportverein.de\/kw_blog\/#website\"},\"datePublished\":\"2015-11-03T14:48:08+00:00\",\"dateModified\":\"2026-02-05T11:02:46+00:00\",\"breadcrumb\":{\"@id\":\"https:\/\/klingenthalerwandersportverein.de\/kw_blog\/anmeldung\/#breadcrumb\"},\"inLanguage\":\"de\",\"potentialAction\":[{\"@type\":\"ReadAction\",\"target\":[\"https:\/\/klingenthalerwandersportverein.de\/kw_blog\/anmeldung\/\"]}]},{\"@type\":\"BreadcrumbList\",\"@id\":\"https:\/\/klingenthalerwandersportverein.de\/kw_blog\/anmeldung\/#breadcrumb\",\"itemListElement\":[{\"@type\":\"ListItem\",\"position\":1,\"name\":\"Home\",\"item\":\"https:\/\/klingenthalerwandersportverein.de\/kw_blog\/\"},{\"@type\":\"ListItem\",\"position\":2,\"name\":\"Anmeldung zum 6. Grenzlandhunderter 2026\"}]},{\"@type\":\"WebSite\",\"@id\":\"https:\/\/klingenthalerwandersportverein.de\/kw_blog\/#website\",\"url\":\"https:\/\/klingenthalerwandersportverein.de\/kw_blog\/\",\"name\":\"Alles zur Klingenthaler Wanderung\",\"description\":\"Das j\u00e4hrlich stattfindende Wanderevent \u2013 organisiert und durchgef\u00fchrt vom Klingenthaler Wandersportverein e.V.\",\"potentialAction\":[{\"@type\":\"SearchAction\",\"target\":{\"@type\":\"EntryPoint\",\"urlTemplate\":\"https:\/\/klingenthalerwandersportverein.de\/kw_blog\/?s={search_term_string}\"},\"query-input\":{\"@type\":\"PropertyValueSpecification\",\"valueRequired\":true,\"valueName\":\"search_term_string\"}}],\"inLanguage\":\"de\"}]}<\/script>\n<!-- \/ Yoast SEO plugin. -->","yoast_head_json":{"title":"Anmeldung zum 6. Grenzlandhunderter 2026 - Alles zur Klingenthaler Wanderung","robots":{"index":"index","follow":"follow","max-snippet":"max-snippet:-1","max-image-preview":"max-image-preview:large","max-video-preview":"max-video-preview:-1"},"canonical":"https:\/\/klingenthalerwandersportverein.de\/kw_blog\/anmeldung\/","og_locale":"de_DE","og_type":"article","og_title":"Anmeldung zum 6. Grenzlandhunderter 2026 - Alles zur Klingenthaler Wanderung","og_url":"https:\/\/klingenthalerwandersportverein.de\/kw_blog\/anmeldung\/","og_site_name":"Alles zur Klingenthaler Wanderung","article_modified_time":"2026-02-05T11:02:46+00:00","twitter_card":"summary_large_image","twitter_misc":{"Gesch\u00e4tzte Lesezeit":"1\u00a0Minute"},"schema":{"@context":"https:\/\/schema.org","@graph":[{"@type":"WebPage","@id":"https:\/\/klingenthalerwandersportverein.de\/kw_blog\/anmeldung\/","url":"https:\/\/klingenthalerwandersportverein.de\/kw_blog\/anmeldung\/","name":"Anmeldung zum 6. Grenzlandhunderter 2026 - Alles zur Klingenthaler Wanderung","isPartOf":{"@id":"https:\/\/klingenthalerwandersportverein.de\/kw_blog\/#website"},"datePublished":"2015-11-03T14:48:08+00:00","dateModified":"2026-02-05T11:02:46+00:00","breadcrumb":{"@id":"https:\/\/klingenthalerwandersportverein.de\/kw_blog\/anmeldung\/#breadcrumb"},"inLanguage":"de","potentialAction":[{"@type":"ReadAction","target":["https:\/\/klingenthalerwandersportverein.de\/kw_blog\/anmeldung\/"]}]},{"@type":"BreadcrumbList","@id":"https:\/\/klingenthalerwandersportverein.de\/kw_blog\/anmeldung\/#breadcrumb","itemListElement":[{"@type":"ListItem","position":1,"name":"Home","item":"https:\/\/klingenthalerwandersportverein.de\/kw_blog\/"},{"@type":"ListItem","position":2,"name":"Anmeldung zum 6. Grenzlandhunderter 2026"}]},{"@type":"WebSite","@id":"https:\/\/klingenthalerwandersportverein.de\/kw_blog\/#website","url":"https:\/\/klingenthalerwandersportverein.de\/kw_blog\/","name":"Alles zur Klingenthaler Wanderung","description":"Das j\u00e4hrlich stattfindende Wanderevent \u2013 organisiert und durchgef\u00fchrt vom Klingenthaler Wandersportverein e.V.","potentialAction":[{"@type":"SearchAction","target":{"@type":"EntryPoint","urlTemplate":"https:\/\/klingenthalerwandersportverein.de\/kw_blog\/?s={search_term_string}"},"query-input":{"@type":"PropertyValueSpecification","valueRequired":true,"valueName":"search_term_string"}}],"inLanguage":"de"}]}},"jetpack_sharing_enabled":false,"jetpack_shortlink":"https:\/\/wp.me\/P6YRDr-J","jetpack-related-posts":[],"_links":{"self":[{"href":"https:\/\/klingenthalerwandersportverein.de\/kw_blog\/wp-json\/wp\/v2\/pages\/45","targetHints":{"allow":["GET"]}}],"collection":[{"href":"https:\/\/klingenthalerwandersportverein.de\/kw_blog\/wp-json\/wp\/v2\/pages"}],"about":[{"href":"https:\/\/klingenthalerwandersportverein.de\/kw_blog\/wp-json\/wp\/v2\/types\/page"}],"author":[{"embeddable":true,"href":"https:\/\/klingenthalerwandersportverein.de\/kw_blog\/wp-json\/wp\/v2\/users\/1"}],"replies":[{"embeddable":true,"href":"https:\/\/klingenthalerwandersportverein.de\/kw_blog\/wp-json\/wp\/v2\/comments?post=45"}],"version-history":[{"count":10,"href":"https:\/\/klingenthalerwandersportverein.de\/kw_blog\/wp-json\/wp\/v2\/pages\/45\/revisions"}],"predecessor-version":[{"id":3156,"href":"https:\/\/klingenthalerwandersportverein.de\/kw_blog\/wp-json\/wp\/v2\/pages\/45\/revisions\/3156"}],"wp:attachment":[{"href":"https:\/\/klingenthalerwandersportverein.de\/kw_blog\/wp-json\/wp\/v2\/media?parent=45"}],"curies":[{"name":"wp","href":"https:\/\/api.w.org\/{rel}","templated":true}]}}